{"id":948,"date":"2021-09-22T13:47:39","date_gmt":"2021-09-22T10:47:39","guid":{"rendered":"https:\/\/invlbalticfarmland.com\/?page_id=948"},"modified":"2025-09-09T18:18:15","modified_gmt":"2025-09-09T15:18:15","slug":"contacts","status":"publish","type":"page","link":"https:\/\/invlbalticfarmland.com\/en\/contacts\/","title":{"rendered":"Contacts"},"content":{"rendered":"\n<section  class=\"invl-block invl-block-1-columns invl-columns\">\n\t\t\t\t\t<div class=\"column column-1-of-1 c-red has-bg-image has-responsive-faux-image-div column-no-content has-responsive-faux-image-div-cover padding-top-05 padding-bottom-05\" style=\"background-image:url(https:\/\/invlbalticfarmland.com\/wp-content\/uploads\/2021\/06\/nitin-bhosale-U98LIYBFVJk-unsplash.jpg); background-size: cover; background-position: center center; background-repeat:no-repeat;\">\n\t\t\t<div class=\"responsive-faux-image\" style=\"height:200px;width:300px;\"><\/div>\t\t\t\t\t<\/div>\n\t<\/section>\n\n\n\n<section  class=\"invl-block invl-block-1-columns invl-columns\">\n\t\t\t\t\t<div class=\"column column-1-of-1 c-blue\" >\n\t\t\t\t\t\t<h1>Contacts<\/h1>\n\t\t<\/div>\n\t<\/section>\n\n\n\n<section  class=\"invl-block invl-block-3-columns invl-columns\">\n\t\t\t\t\t<div class=\"column column-1-of-3 c-white padding-top-20 padding-bottom-20 padding-right-05\" >\n\t\t\t\t\t\t<h3>AB INVL Baltic Farmland<\/h3>\n<p>Gyn\u0117j\u0173 Street 14, LT-01110, Vilnius, Lithuania<\/p>\n<p>Telephone: + 370 5 279 06 01<br \/>\n<em>The call is charged by the fee applied by your mobile operator.<\/em><\/p>\n<p>E-mail:\u00a0<a href=\"mailto:farmland@invaldainvl.com\">farmland@invaldainvl.com<\/a><\/p>\n\t\t<\/div>\n\t\t\t\t\t<div class=\"column column-1-of-3 c-white padding-top-20 padding-bottom-20 padding-right-05\" >\n\t\t\t\t\t\t<h3>Company details<\/h3>\n<p>AB INVL Baltic Farmland<br \/>\nLegal entity code 303299781<br \/>\nVAT payer code LT100009222813<br \/>\nRegistered at the State Enterprise<br \/>\nCentre of Registers<br \/>\nSettlement account<br \/>\nLT934010051001989356<br \/>\nLuminor Bank AB<\/p>\n<p><strong>To discuss leasing<br \/>\nof the land we manage,<br \/>\ncontact us at<\/strong><br \/>\nE-mail:\u00a0<a href=\"mailto:juste.gumovskiene@invl.com\">juste.gumovskiene@invl.com<\/a><\/p>\n<p><strong>For investors<\/strong><br \/>\nE-mail:<br \/>\n<a href=\"mailto:farmland@invaldainvl.com\">farmland@invaldainvl.com<\/a><\/p>\n\t\t<\/div>\n\t\t\t\t\t<div class=\"column column-1-of-3 c-white padding-top-20 padding-bottom-20 padding-right-05\" >\n\t\t\t\t\t\t<div class=\"gmap\" data-google-maps-city=\"Vilnius\" data-google-maps-latitude=\"54.692131\" data-google-maps-longitude=\"25.264239\"><\/div>\n<p><script>\nfunction initMap() {\njQuery( \".gmap\" ).each(function( index ) {\n  var uluru = {lat: jQuery(this).data('google-maps-latitude'), lng: jQuery(this).data('google-maps-longitude')};\njQuery(this).css({height: 260});\nvar map = new google.maps.Map(this, {zoom: 14, center: uluru});\n    var marker = new google.maps.Marker({position: uluru, map: map});\n});\n}\n<\/script><br \/>\n<script async=\"\" defer=\"\" src=\"https:\/\/maps.googleapis.com\/maps\/api\/js?key=AIzaSyAljBUNfH_3KAwfFw4umEQwmCQho-OqRtM&amp;callback=initMap\">\n<\/script><\/p>\n\t\t<\/div>\n\t<\/section>\n\n\n\n<section  class=\"invl-block invl-block-1-columns invl-columns\">\n\t\t\t\t\t<div class=\"column column-1-of-1 c-white\" >\n\t\t\t\t\t\t<h2>For shareholders<\/h2>\n<p style=\"text-align: justify;\">INVL Baltic Farmland, AB has transferred securities accounting to Artea Bankas, AB. For all questions regarding shareholder securities accounts, numbers of shares owned, value, conditions of sale and dividends, please contact Artea Bankas, AB at \u0160eimyni\u0161ki\u0173 St. 1A, Vilnius, phone: +370 610 44447.<\/p>\n<p style=\"text-align: justify;\">Shareholders whose personal securities accounts are administered by Artea Bankas, AB will have dividends transferred to their designated account. If you have not designated a bank account and for that reason did not receive dividends, please complete, sign and submit a request to transfer dividends, together with a copy of your personal identity document, to Artea Bankas, AB at the address indicated above. Shareholders whose shares are administered by other securities account managers (financial brokerage firms or divisions of credit institutions that provide securities accounting services) will have dividends transferred to their cash account at the same brokerage or credit institution.<\/p>\n\t\t<\/div>\n\t<\/section>\n","protected":false},"excerpt":{"rendered":"","protected":false},"author":2,"featured_media":0,"parent":0,"menu_order":0,"comment_status":"closed","ping_status":"closed","template":"","meta":{"_acf_changed":false,"footnotes":""},"class_list":["post-948","page","type-page","status-publish","hentry"],"acf":[],"yoast_head":"<!-- This site is optimized with the Yoast SEO plugin v26.8 - https:\/\/yoast.com\/product\/yoast-seo-wordpress\/ -->\n<title>Contacts - INVL Baltic Farmland<\/title>\n<meta name=\"robots\" content=\"index, follow, max-snippet:-1, max-image-preview:large, max-video-preview:-1\" \/>\n<link rel=\"canonical\" href=\"https:\/\/invlbalticfarmland.com\/en\/contacts\/\" \/>\n<meta property=\"og:locale\" content=\"en_US\" \/>\n<meta property=\"og:type\" content=\"article\" \/>\n<meta property=\"og:title\" content=\"Contacts - INVL Baltic Farmland\" \/>\n<meta property=\"og:url\" content=\"https:\/\/invlbalticfarmland.com\/en\/contacts\/\" \/>\n<meta property=\"og:site_name\" content=\"INVL Baltic Farmland\" \/>\n<meta property=\"article:modified_time\" content=\"2025-09-09T15:18:15+00:00\" \/>\n<meta name=\"twitter:card\" content=\"summary_large_image\" \/>\n<script type=\"application\/ld+json\" class=\"yoast-schema-graph\">{\"@context\":\"https:\/\/schema.org\",\"@graph\":[{\"@type\":\"WebPage\",\"@id\":\"https:\/\/invlbalticfarmland.com\/en\/contacts\/\",\"url\":\"https:\/\/invlbalticfarmland.com\/en\/contacts\/\",\"name\":\"Contacts - INVL Baltic Farmland\",\"isPartOf\":{\"@id\":\"https:\/\/invlbalticfarmland.com\/#website\"},\"datePublished\":\"2021-09-22T10:47:39+00:00\",\"dateModified\":\"2025-09-09T15:18:15+00:00\",\"breadcrumb\":{\"@id\":\"https:\/\/invlbalticfarmland.com\/en\/contacts\/#breadcrumb\"},\"inLanguage\":\"en-US\",\"potentialAction\":[{\"@type\":\"ReadAction\",\"target\":[\"https:\/\/invlbalticfarmland.com\/en\/contacts\/\"]}]},{\"@type\":\"BreadcrumbList\",\"@id\":\"https:\/\/invlbalticfarmland.com\/en\/contacts\/#breadcrumb\",\"itemListElement\":[{\"@type\":\"ListItem\",\"position\":1,\"name\":\"Home\",\"item\":\"https:\/\/invlbalticfarmland.com\/en\/\"},{\"@type\":\"ListItem\",\"position\":2,\"name\":\"Contacts\"}]},{\"@type\":\"WebSite\",\"@id\":\"https:\/\/invlbalticfarmland.com\/#website\",\"url\":\"https:\/\/invlbalticfarmland.com\/\",\"name\":\"INVL Baltic Farmland\",\"description\":\"INVL Baltic Farmland\",\"potentialAction\":[{\"@type\":\"SearchAction\",\"target\":{\"@type\":\"EntryPoint\",\"urlTemplate\":\"https:\/\/invlbalticfarmland.com\/?s={search_term_string}\"},\"query-input\":{\"@type\":\"PropertyValueSpecification\",\"valueRequired\":true,\"valueName\":\"search_term_string\"}}],\"inLanguage\":\"en-US\"}]}<\/script>\n<!-- \/ Yoast SEO plugin. -->","yoast_head_json":{"title":"Contacts - INVL Baltic Farmland","robots":{"index":"index","follow":"follow","max-snippet":"max-snippet:-1","max-image-preview":"max-image-preview:large","max-video-preview":"max-video-preview:-1"},"canonical":"https:\/\/invlbalticfarmland.com\/en\/contacts\/","og_locale":"en_US","og_type":"article","og_title":"Contacts - INVL Baltic Farmland","og_url":"https:\/\/invlbalticfarmland.com\/en\/contacts\/","og_site_name":"INVL Baltic Farmland","article_modified_time":"2025-09-09T15:18:15+00:00","twitter_card":"summary_large_image","schema":{"@context":"https:\/\/schema.org","@graph":[{"@type":"WebPage","@id":"https:\/\/invlbalticfarmland.com\/en\/contacts\/","url":"https:\/\/invlbalticfarmland.com\/en\/contacts\/","name":"Contacts - INVL Baltic Farmland","isPartOf":{"@id":"https:\/\/invlbalticfarmland.com\/#website"},"datePublished":"2021-09-22T10:47:39+00:00","dateModified":"2025-09-09T15:18:15+00:00","breadcrumb":{"@id":"https:\/\/invlbalticfarmland.com\/en\/contacts\/#breadcrumb"},"inLanguage":"en-US","potentialAction":[{"@type":"ReadAction","target":["https:\/\/invlbalticfarmland.com\/en\/contacts\/"]}]},{"@type":"BreadcrumbList","@id":"https:\/\/invlbalticfarmland.com\/en\/contacts\/#breadcrumb","itemListElement":[{"@type":"ListItem","position":1,"name":"Home","item":"https:\/\/invlbalticfarmland.com\/en\/"},{"@type":"ListItem","position":2,"name":"Contacts"}]},{"@type":"WebSite","@id":"https:\/\/invlbalticfarmland.com\/#website","url":"https:\/\/invlbalticfarmland.com\/","name":"INVL Baltic Farmland","description":"INVL Baltic Farmland","potentialAction":[{"@type":"SearchAction","target":{"@type":"EntryPoint","urlTemplate":"https:\/\/invlbalticfarmland.com\/?s={search_term_string}"},"query-input":{"@type":"PropertyValueSpecification","valueRequired":true,"valueName":"search_term_string"}}],"inLanguage":"en-US"}]}},"_links":{"self":[{"href":"https:\/\/invlbalticfarmland.com\/en\/wp-json\/wp\/v2\/pages\/948","targetHints":{"allow":["GET"]}}],"collection":[{"href":"https:\/\/invlbalticfarmland.com\/en\/wp-json\/wp\/v2\/pages"}],"about":[{"href":"https:\/\/invlbalticfarmland.com\/en\/wp-json\/wp\/v2\/types\/page"}],"author":[{"embeddable":true,"href":"https:\/\/invlbalticfarmland.com\/en\/wp-json\/wp\/v2\/users\/2"}],"replies":[{"embeddable":true,"href":"https:\/\/invlbalticfarmland.com\/en\/wp-json\/wp\/v2\/comments?post=948"}],"version-history":[{"count":16,"href":"https:\/\/invlbalticfarmland.com\/en\/wp-json\/wp\/v2\/pages\/948\/revisions"}],"predecessor-version":[{"id":3926,"href":"https:\/\/invlbalticfarmland.com\/en\/wp-json\/wp\/v2\/pages\/948\/revisions\/3926"}],"wp:attachment":[{"href":"https:\/\/invlbalticfarmland.com\/en\/wp-json\/wp\/v2\/media?parent=948"}],"curies":[{"name":"wp","href":"https:\/\/api.w.org\/{rel}","templated":true}]}}