{"id":926,"date":"2021-09-22T13:41:19","date_gmt":"2021-09-22T10:41:19","guid":{"rendered":"https:\/\/invlbalticfarmland.com\/?page_id=926"},"modified":"2024-07-31T12:24:35","modified_gmt":"2024-07-31T09:24:35","slug":"top-management","status":"publish","type":"page","link":"https:\/\/invlbalticfarmland.com\/en\/about-us\/top-management\/","title":{"rendered":"Top management"},"content":{"rendered":"\n<section  class=\"invl-block invl-block-1-columns invl-columns\">\n\t\t\t\t\t<div class=\"column column-1-of-1 c-white has-bg-image has-responsive-faux-image-div column-no-content has-responsive-faux-image-div-cover padding-top-00 padding-bottom-00\" style=\"background-image:url(https:\/\/invlbalticfarmland.com\/wp-content\/uploads\/2021\/06\/jakob-creutz-9h3qZh8aS-M-unsplash-scaled-e1630312462298.jpg); background-size: cover; background-position: center center; background-repeat:no-repeat;\">\n\t\t\t<div class=\"responsive-faux-image\" style=\"height:140px;width:300px;\"><\/div>\t\t\t\t\t<\/div>\n\t<\/section>\n\n\n\n<section  class=\"invl-block invl-block-1-columns invl-columns\">\n\t\t\t\t\t<div class=\"column column-1-of-1 c-blue\" >\n\t\t\t\t\t\t<h3>Top management<\/h3>\n\t\t<\/div>\n\t<\/section>\n\n\n\n<section  class=\"invl-block invl-block-2-columns invl-columns has-emphasized-column emphasized-2\">\n\t\t\t\t\t<div class=\"column column-1-of-2 c-white\" >\n\t\t\t\t\t\t<p><img loading=\"lazy\" decoding=\"async\" class=\"aligncenter wp-image-631\" src=\"https:\/\/invlbalticfarmland.com\/wp-content\/uploads\/2021\/05\/alvydas_banys.jpg\" alt=\"\" width=\"386\" height=\"450\" srcset=\"https:\/\/invlbalticfarmland.com\/wp-content\/uploads\/2021\/05\/alvydas_banys.jpg 300w, https:\/\/invlbalticfarmland.com\/wp-content\/uploads\/2021\/05\/alvydas_banys-257x300.jpg 257w\" sizes=\"auto, (max-width: 386px) 100vw, 386px\" \/><\/p>\n<h4>Alvydas Banys<\/h4>\n<p>Chairman of the Board<\/p>\n<p><a href=\"mailto:alvydas.banys@invl.com\">alvydas.banys@invl.com<\/a><\/p>\n\t\t<\/div>\n\t\t\t\t\t<div class=\"column column-1-of-2 column-emphasized c-white\" >\n\t\t\t\t\t\t<h5><\/h5>\n<div class=\"team-block__details\">\n<h5>Term of office:<\/h5>\n<p>From 2022 until 2026.<\/p>\n<h5>Educational background and qualifications:<\/h5>\n<p>Vilnius Gediminas Technical University. Faculty of Civil Engineering. Master in Engineering and Economics. Junior Scientific co-worker. Economics Institute of Lithuania&#8217;s Science Academy<\/p>\n<p>&nbsp;<\/p>\n<h5>Work experience<\/h5>\n<p>Since 2022 May &#8211; INVL Asset Management,UAB \u2013 Senior Advisor<br \/>\nJuly 2013 \u2013 April 2022 Invalda INVL, AB \u2013 Advisor<br \/>\nSince 2007 LJB Investments, UAB \u2013 Director<br \/>\nSince 2007 LJB Property, UAB \u2013 Director<br \/>\n1996 \u2013 2006 Invalda, AB \u2013 Vice President<br \/>\n1996 \u2013 2007 Nenuorama, UAB \u2013 President<\/p>\n<p>&nbsp;<\/p>\n<h5>Holdings of INVL Baltic Farmland shares<\/h5>\n<p>Personally: 252,875 units of shares, 7.68\u2009% of authorised capital, 7.68\u2009% of votes.<br \/>\nTogether with controlled company LJB Investments: 1,230,626 units of shares, 37.38\u2009% of authorized capital, 37.38\u2009% of votes.<\/p>\n<p>&nbsp;<\/p>\n<h5>Participation in other companies:<\/h5>\n<p>Invalda INVL, AB \u2013 Chairman of the Board<br \/>\nLitagra, UAB \u2013 Member of the Board<br \/>\nINVL Asset Management, UAB managed fund INVL Baltic Sea Growth Fund\u00a0 &#8211; Member of the Investment Committee<\/p>\n<\/div>\n\t\t<\/div>\n\t<\/section>\n\n\n\n<section  class=\"invl-block invl-block-2-columns invl-columns has-emphasized-column emphasized-1\">\n\t\t\t\t\t<div class=\"column column-1-of-2 column-emphasized c-white\" >\n\t\t\t\t\t\t<h5><\/h5>\n<div class=\"team-block__details\">\n<h5>Term of office:<\/h5>\n<p>From 2022 until 2026.<\/p>\n<h5>Educational background and qualifications:<\/h5>\n<p>Vilnius Gediminas Technical University. Faculty of Architecture. Master in Architecture.<\/p>\n<p>&nbsp;<\/p>\n<h5>Work experience<\/h5>\n<p>Since May 2012 Invalda INVL, AB &#8211; Advisor<br \/>\n2013 &#8211; 2019 Invalda Privatus Kapitalas, AB \u2013 Advisor<br \/>\n2002 &#8211; 2019 Inreal Valdymas, UAB &#8211; Architect<br \/>\n2000 &#8211; 2002 Gildeta, UAB &#8211; Architect<\/p>\n<p>&nbsp;<\/p>\n<h5>Holdings of INVL Baltic Farmland shares<\/h5>\n<p>Personally:\u00a064,450 units of shares,\u00a01.96 % of authorised capital and voting rights.<\/p>\n<h5>Participation in other companies:<\/h5>\n<p>Invalda INVL, AB &#8211; Member of the Board<\/p>\n<\/div>\n\t\t<\/div>\n\t\t\t\t\t<div class=\"column column-1-of-2 c-white\" >\n\t\t\t\t\t\t<p><img loading=\"lazy\" decoding=\"async\" class=\"aligncenter wp-image-637\" src=\"https:\/\/invlbalticfarmland.com\/wp-content\/uploads\/2021\/05\/indre_miseikyte-236x300.jpg\" alt=\"\" width=\"368\" height=\"468\" srcset=\"https:\/\/invlbalticfarmland.com\/wp-content\/uploads\/2021\/05\/indre_miseikyte-236x300.jpg 236w, https:\/\/invlbalticfarmland.com\/wp-content\/uploads\/2021\/05\/indre_miseikyte-804x1024.jpg 804w, https:\/\/invlbalticfarmland.com\/wp-content\/uploads\/2021\/05\/indre_miseikyte-768x978.jpg 768w, https:\/\/invlbalticfarmland.com\/wp-content\/uploads\/2021\/05\/indre_miseikyte-1207x1536.jpg 1207w, https:\/\/invlbalticfarmland.com\/wp-content\/uploads\/2021\/05\/indre_miseikyte-1609x2048.jpg 1609w, https:\/\/invlbalticfarmland.com\/wp-content\/uploads\/2021\/05\/indre_miseikyte-scaled.jpg 2011w\" sizes=\"auto, (max-width: 368px) 100vw, 368px\" \/><\/p>\n<h4>Indr\u0117 Mi\u0161eikyt\u0117<\/h4>\n<p>Member of the Board<\/p>\n<p><a href=\"mailto:indre.miseikyte@invl.com\">indre.miseikyte@invl.com<\/a><\/p>\n\t\t<\/div>\n\t<\/section>\n\n\n\n<section  class=\"invl-block invl-block-2-columns invl-columns has-emphasized-column emphasized-2\">\n\t\t\t\t\t<div class=\"column column-1-of-2 c-white\" >\n\t\t\t\t\t\t<p>&nbsp;<\/p>\n<h4><img loading=\"lazy\" decoding=\"async\" class=\"alignnone wp-image-2591 \" src=\"https:\/\/invlbalticfarmland.com\/wp-content\/uploads\/2022\/07\/Picture1-1.jpg\" alt=\"\" width=\"283\" height=\"283\" srcset=\"https:\/\/invlbalticfarmland.com\/wp-content\/uploads\/2022\/07\/Picture1-1.jpg 199w, https:\/\/invlbalticfarmland.com\/wp-content\/uploads\/2022\/07\/Picture1-1-150x150.jpg 150w\" sizes=\"auto, (max-width: 283px) 100vw, 283px\" \/><\/h4>\n<h4>Tomas Bubinas<\/h4>\n<p>Member of the Board<\/p>\n\t\t<\/div>\n\t\t\t\t\t<div class=\"column column-1-of-2 column-emphasized c-white\" >\n\t\t\t\t\t\t<h5><span style=\"font-size: 12pt;\">Term of office:<\/span><\/h5>\n<p>From 2022 until 2026<\/p>\n<h5>Educational background and qualifications:<\/h5>\n<p>Baltic Management Institute (BMI), Executive MBA. Association of Chartered Certified Accountants. ACCA. Fellow Member. Lithuanian Sworn Registered Auditor. Vilnius University, Msc. in Economics<\/p>\n<h5>Work experience<\/h5>\n<p style=\"margin: 0cm;\">2013 &#8211; 2022 Chief Operating Officer at Biotechpharma, UAB<\/p>\n<p style=\"margin: 0cm;\">2010 &#8211; 2012 Senior Director, Operations. TEVA Biopharmaceuticals (USA)<\/p>\n<p style=\"margin: 0cm;\">2004 &#8211; 2010 CFO for Baltic countries, Teva Pharmaceuticals<\/p>\n<p style=\"margin: 0cm;\">2001 &#8211; 2004 m. CFO, Sicor Biotech<\/p>\n<p style=\"margin: 0cm;\">1999 &#8211; 2001 Senior Manager, PricewaterhouseCoopers<\/p>\n<p style=\"margin: 0cm;\">1994 &#8211; 1999 Senior Auditor, Manager, Coopers &amp; Lybrand<\/p>\n<p>&nbsp;<\/p>\n<h5>Holdings of INVL Baltic Farmland shares<\/h5>\n<p>&#8211;<\/p>\n<h5>Participation in other companies:<\/h5>\n<p style=\"margin: 0cm; text-align: justify;\">Invalda INVL, AB\u00a0 \u2013 Member of the Board;<\/p>\n\t\t<\/div>\n\t<\/section>\n\n\n\n<section  class=\"invl-block invl-block-2-columns invl-columns has-emphasized-column emphasized-1\">\n\t\t\t\t\t<div class=\"column column-1-of-2 column-emphasized c-white\" >\n\t\t\t\t\t\t<h5>Educational background and qualifications:<\/h5>\n<p>Vilnius University, Faculty of Economic Cybernetics and Finance, Economic Cybernetics studies, Economics\u00a0&#8211; mathematics diploma (equivalent of Master&#8217;s degree)<\/p>\n<p>&nbsp;<\/p>\n<h5>Work experience<\/h5>\n<p>October 2009 &#8211; present &#8211;\u00a0 Wealth manager, director, UAB FPI Geroves Valdymas<br \/>\nMarch 2009 &#8211; present\u00a0\u00a0&#8211;\u00a0Director, UAB DIM Investment<br \/>\nSeptember 2014 \u2013 June 2016 &#8211; Director, UAB Margio investicija<br \/>\nAugust 2006\u00a0&#8211; October 2009\u00a0&#8211; Wealth manager, VIP Clients manager, AB FBC Finasta, AB bank Finasta<br \/>\nJune 2005\u00a0&#8211; July 2006\u00a0&#8211; Project manager, UAB Zabolis ir partneriai<br \/>\nJune 1999\u00a0&#8211; June 2005\u00a0&#8211; Member, Deputy Director of the Commission, Securities Commission of Lithuania<br \/>\nJune 1995\u00a0&#8211; June 1999\u00a0\u00a0&#8211; Head of Issuer Division, UAB FM\u012e Vilfima<br \/>\nJune 1993\u00a0&#8211; June 1995\u00a0&#8211; Member of Market Regulation Division, Securities Commission of Lithuania<\/p>\n<p>&nbsp;<\/p>\n<h5>Accomplishments<\/h5>\n<p>2009\u00a0&#8211; Award in Financial Planning (CII program and exam) certificate<br \/>\n2005\u00a0&#8211; OMX Vilnius dealer certificate<br \/>\n1996\u00a0&#8211; General financial broker license<\/p>\n<p>&nbsp;<\/p>\n<h5>Holdings of INVL Baltic Farmland shares<\/h5>\n<p>Directly: 0 shares; Shared capital and voting rights &#8211; 0 percent.<\/p>\n<p>&nbsp;<\/p>\n<h5>Participation in other companies:<\/h5>\n<p>Atelier Investment Management, UAB\u00a0 \u2013 Chairman of the Board<br \/>\nGerov\u0117s valdymas,\u00a0 UAB FP\u012e\u00a0 \u2013 Director<br \/>\nGerov\u0117s partneriai, K\u016aB\u00a0 \u2013 Full member<br \/>\nDIM investment, UAB \u2013\u00a0 Director<\/p>\n\t\t<\/div>\n\t\t\t\t\t<div class=\"column column-1-of-2 c-white\" >\n\t\t\t\t\t\t<p><img loading=\"lazy\" decoding=\"async\" class=\"aligncenter wp-image-635\" src=\"https:\/\/invlbalticfarmland.com\/wp-content\/uploads\/2021\/05\/Egle-removebg-200x300.png\" alt=\"\" width=\"370\" height=\"556\" srcset=\"https:\/\/invlbalticfarmland.com\/wp-content\/uploads\/2021\/05\/Egle-removebg-200x300.png 200w, https:\/\/invlbalticfarmland.com\/wp-content\/uploads\/2021\/05\/Egle-removebg-682x1024.png 682w, https:\/\/invlbalticfarmland.com\/wp-content\/uploads\/2021\/05\/Egle-removebg-768x1153.png 768w, https:\/\/invlbalticfarmland.com\/wp-content\/uploads\/2021\/05\/Egle-removebg-1023x1536.png 1023w, https:\/\/invlbalticfarmland.com\/wp-content\/uploads\/2021\/05\/Egle-removebg.png 1332w\" sizes=\"auto, (max-width: 370px) 100vw, 370px\" \/><\/p>\n<h4>Egl\u0117 Surplien\u0117<\/h4>\n<p>Director<\/p>\n<p><a href=\"mailto:egle.surpliene@invaldainvl.com\"><br \/>\negle.surpliene@invaldainvl.com<\/a><\/p>\n\t\t<\/div>\n\t<\/section>\n\n\n\n<p><\/p>\n","protected":false},"excerpt":{"rendered":"","protected":false},"author":2,"featured_media":0,"parent":919,"menu_order":0,"comment_status":"closed","ping_status":"closed","template":"","meta":{"_acf_changed":false,"footnotes":""},"class_list":["post-926","page","type-page","status-publish","hentry"],"acf":[],"yoast_head":"<!-- This site is optimized with the Yoast SEO plugin v26.8 - https:\/\/yoast.com\/product\/yoast-seo-wordpress\/ -->\n<title>Top management - INVL Baltic Farmland<\/title>\n<meta name=\"robots\" content=\"index, follow, max-snippet:-1, max-image-preview:large, max-video-preview:-1\" \/>\n<link rel=\"canonical\" href=\"https:\/\/invlbalticfarmland.com\/en\/about-us\/top-management\/\" \/>\n<meta property=\"og:locale\" content=\"en_US\" \/>\n<meta property=\"og:type\" content=\"article\" \/>\n<meta property=\"og:title\" content=\"Top management - INVL Baltic Farmland\" \/>\n<meta property=\"og:url\" content=\"https:\/\/invlbalticfarmland.com\/en\/about-us\/top-management\/\" \/>\n<meta property=\"og:site_name\" content=\"INVL Baltic Farmland\" \/>\n<meta property=\"article:modified_time\" content=\"2024-07-31T09:24:35+00:00\" \/>\n<meta name=\"twitter:card\" content=\"summary_large_image\" \/>\n<script type=\"application\/ld+json\" class=\"yoast-schema-graph\">{\"@context\":\"https:\/\/schema.org\",\"@graph\":[{\"@type\":\"WebPage\",\"@id\":\"https:\/\/invlbalticfarmland.com\/en\/about-us\/top-management\/\",\"url\":\"https:\/\/invlbalticfarmland.com\/en\/about-us\/top-management\/\",\"name\":\"Top management - INVL Baltic Farmland\",\"isPartOf\":{\"@id\":\"https:\/\/invlbalticfarmland.com\/#website\"},\"datePublished\":\"2021-09-22T10:41:19+00:00\",\"dateModified\":\"2024-07-31T09:24:35+00:00\",\"breadcrumb\":{\"@id\":\"https:\/\/invlbalticfarmland.com\/en\/about-us\/top-management\/#breadcrumb\"},\"inLanguage\":\"en-US\",\"potentialAction\":[{\"@type\":\"ReadAction\",\"target\":[\"https:\/\/invlbalticfarmland.com\/en\/about-us\/top-management\/\"]}]},{\"@type\":\"BreadcrumbList\",\"@id\":\"https:\/\/invlbalticfarmland.com\/en\/about-us\/top-management\/#breadcrumb\",\"itemListElement\":[{\"@type\":\"ListItem\",\"position\":1,\"name\":\"Home\",\"item\":\"https:\/\/invlbalticfarmland.com\/en\/\"},{\"@type\":\"ListItem\",\"position\":2,\"name\":\"About us\",\"item\":\"https:\/\/invlbalticfarmland.com\/en\/about-us\/\"},{\"@type\":\"ListItem\",\"position\":3,\"name\":\"Top management\"}]},{\"@type\":\"WebSite\",\"@id\":\"https:\/\/invlbalticfarmland.com\/#website\",\"url\":\"https:\/\/invlbalticfarmland.com\/\",\"name\":\"INVL Baltic Farmland\",\"description\":\"INVL Baltic Farmland\",\"potentialAction\":[{\"@type\":\"SearchAction\",\"target\":{\"@type\":\"EntryPoint\",\"urlTemplate\":\"https:\/\/invlbalticfarmland.com\/?s={search_term_string}\"},\"query-input\":{\"@type\":\"PropertyValueSpecification\",\"valueRequired\":true,\"valueName\":\"search_term_string\"}}],\"inLanguage\":\"en-US\"}]}<\/script>\n<!-- \/ Yoast SEO plugin. -->","yoast_head_json":{"title":"Top management - INVL Baltic Farmland","robots":{"index":"index","follow":"follow","max-snippet":"max-snippet:-1","max-image-preview":"max-image-preview:large","max-video-preview":"max-video-preview:-1"},"canonical":"https:\/\/invlbalticfarmland.com\/en\/about-us\/top-management\/","og_locale":"en_US","og_type":"article","og_title":"Top management - INVL Baltic Farmland","og_url":"https:\/\/invlbalticfarmland.com\/en\/about-us\/top-management\/","og_site_name":"INVL Baltic Farmland","article_modified_time":"2024-07-31T09:24:35+00:00","twitter_card":"summary_large_image","schema":{"@context":"https:\/\/schema.org","@graph":[{"@type":"WebPage","@id":"https:\/\/invlbalticfarmland.com\/en\/about-us\/top-management\/","url":"https:\/\/invlbalticfarmland.com\/en\/about-us\/top-management\/","name":"Top management - INVL Baltic Farmland","isPartOf":{"@id":"https:\/\/invlbalticfarmland.com\/#website"},"datePublished":"2021-09-22T10:41:19+00:00","dateModified":"2024-07-31T09:24:35+00:00","breadcrumb":{"@id":"https:\/\/invlbalticfarmland.com\/en\/about-us\/top-management\/#breadcrumb"},"inLanguage":"en-US","potentialAction":[{"@type":"ReadAction","target":["https:\/\/invlbalticfarmland.com\/en\/about-us\/top-management\/"]}]},{"@type":"BreadcrumbList","@id":"https:\/\/invlbalticfarmland.com\/en\/about-us\/top-management\/#breadcrumb","itemListElement":[{"@type":"ListItem","position":1,"name":"Home","item":"https:\/\/invlbalticfarmland.com\/en\/"},{"@type":"ListItem","position":2,"name":"About us","item":"https:\/\/invlbalticfarmland.com\/en\/about-us\/"},{"@type":"ListItem","position":3,"name":"Top management"}]},{"@type":"WebSite","@id":"https:\/\/invlbalticfarmland.com\/#website","url":"https:\/\/invlbalticfarmland.com\/","name":"INVL Baltic Farmland","description":"INVL Baltic Farmland","potentialAction":[{"@type":"SearchAction","target":{"@type":"EntryPoint","urlTemplate":"https:\/\/invlbalticfarmland.com\/?s={search_term_string}"},"query-input":{"@type":"PropertyValueSpecification","valueRequired":true,"valueName":"search_term_string"}}],"inLanguage":"en-US"}]}},"_links":{"self":[{"href":"https:\/\/invlbalticfarmland.com\/en\/wp-json\/wp\/v2\/pages\/926","targetHints":{"allow":["GET"]}}],"collection":[{"href":"https:\/\/invlbalticfarmland.com\/en\/wp-json\/wp\/v2\/pages"}],"about":[{"href":"https:\/\/invlbalticfarmland.com\/en\/wp-json\/wp\/v2\/types\/page"}],"author":[{"embeddable":true,"href":"https:\/\/invlbalticfarmland.com\/en\/wp-json\/wp\/v2\/users\/2"}],"replies":[{"embeddable":true,"href":"https:\/\/invlbalticfarmland.com\/en\/wp-json\/wp\/v2\/comments?post=926"}],"version-history":[{"count":17,"href":"https:\/\/invlbalticfarmland.com\/en\/wp-json\/wp\/v2\/pages\/926\/revisions"}],"predecessor-version":[{"id":3598,"href":"https:\/\/invlbalticfarmland.com\/en\/wp-json\/wp\/v2\/pages\/926\/revisions\/3598"}],"up":[{"embeddable":true,"href":"https:\/\/invlbalticfarmland.com\/en\/wp-json\/wp\/v2\/pages\/919"}],"wp:attachment":[{"href":"https:\/\/invlbalticfarmland.com\/en\/wp-json\/wp\/v2\/media?parent=926"}],"curies":[{"name":"wp","href":"https:\/\/api.w.org\/{rel}","templated":true}]}}